{"id":903,"date":"2013-05-15T11:51:36","date_gmt":"2013-05-15T07:51:36","guid":{"rendered":"http:\/\/baptist.org.md\/ro\/?page_id=903"},"modified":"2025-12-21T19:14:00","modified_gmt":"2025-12-21T17:14:00","slug":"conducerea-ubceb-2","status":"publish","type":"page","link":"https:\/\/baptist.org.md\/ro\/?page_id=903","title":{"rendered":"Conducerea UBCEB"},"content":{"rendered":"<p><strong>Mihai Malancea<\/strong> &#8211; <strong><span style=\"text-align: justify;\"><em>episcop al Uniunii Bisericilor CEB din Republica Moldova<\/em><\/span><\/strong><\/p>\n<p>&nbsp;<\/p>\n<p>De<a href=\"http:\/\/baptist.org.md\/ro\/wp-content\/uploads\/2025\/12\/Untitled-design.png\"><img loading=\"lazy\" decoding=\"async\" class=\" wp-image-15996 alignleft\" src=\"http:\/\/baptist.org.md\/ro\/wp-content\/uploads\/2025\/12\/Untitled-design.png\" alt=\"\" width=\"290\" height=\"363\" srcset=\"https:\/\/baptist.org.md\/ro\/wp-content\/uploads\/2025\/12\/Untitled-design.png 1080w, https:\/\/baptist.org.md\/ro\/wp-content\/uploads\/2025\/12\/Untitled-design-240x300.png 240w, https:\/\/baptist.org.md\/ro\/wp-content\/uploads\/2025\/12\/Untitled-design-819x1024.png 819w, https:\/\/baptist.org.md\/ro\/wp-content\/uploads\/2025\/12\/Untitled-design-768x960.png 768w\" sizes=\"auto, (max-width: 290px) 100vw, 290px\" \/><\/a>stinul unui om se \u00eemplete\u0219te adesea cu istoria comunit\u0103\u021bii din care se na\u0219te. A\u0219a s-a \u00eent\u00e2mplat \u0219i cu fr. Mihai Malancea, care a v\u0103zut lumina zilei la 1 septembrie 1962, \u00een satul Antonesti, raionul \u0218tefan Vod\u0103. Provenind dintr-o familie cu r\u0103d\u0103cini ad\u00e2nc \u00eenfipte \u00een credin\u021ba evanghelic\u0103, el a crescut \u00eentr-un c\u0103min unde Cuv\u00e2ntul lui Dumnezeu nu era doar citit, ci \u0219i tr\u0103it. Bunicul \u0219i tat\u0103l s\u0103u au fost p\u0103stori, iar p\u0103rin\u021bii s\u0103i, oameni cu o credin\u021b\u0103 statornic\u0103, au sem\u0103nat \u00een inima celor \u0219ase copii ai lor semin\u021bele Evangheliei.<\/p>\n<p>\u00cenc\u0103 din adolescen\u021b\u0103, fr. Mihai a sim\u021bit chemarea Domnului, iar dup\u0103 satisfacerea serviciului militar, \u00een septembrie 1983, a pecetluit aceast\u0103 hot\u0103r\u00e2re prin botezul \u00een apa credin\u021bei, \u00een biserica din satul natal. De atunci, drumul s\u0103u s-a legat pentru totdeauna de slujirea lui Hristos. \u00cen scurt timp, s-a implicat cu zel \u00een propov\u0103duirea Evangheliei \u0219i \u00een lucrarea de tineret, devenind o voce respectat\u0103 \u0219i ascultat\u0103. \u00cen anul 1994, biserica l-a binecuv\u00e2ntat pentru o misiune mai ampl\u0103, trimi\u021b\u00e2ndu-l s\u0103 slujeasc\u0103 \u00een Anenii Noi \u0219i C\u0103u\u0219eni, unde a r\u0103mas p\u00e2n\u0103 \u00een 1997. Un an mai devreme, \u00een 1995, fusese ordinat ca p\u0103stor, semn al recunoa\u0219terii maturit\u0103\u021bii \u0219i dedic\u0103rii sale.<\/p>\n<p>\u00cempreun\u0103 cu familia, s-a stabilit \u00een 1997 la Chi\u0219in\u0103u, unde s-a al\u0103turat bisericii \u201eSperan\u021ba\u201d. Doi ani mai t\u00e2rziu, \u00een 1999, comunitatea l-a ales ca p\u0103stor coordonator, \u00eencredin\u021b\u00e2ndu-i r\u0103spunderea de a conduce biserica prin vremuri de transformare \u0219i consolidare spiritual\u0103.<\/p>\n<p>Preg\u0103tirea teologic\u0103 a fratelui Mihai Malancea a fost temeinic\u0103 \u0219i rodnic\u0103. \u00centre 1990 \u0219i 1994 a studiat la Institutul Teologic Baptist Bucuresti, ob\u021bin\u00e2nd diploma de licen\u021b\u0103, iar mai t\u00e2rziu \u0219i pe cea de master. \u00cen anul 2000, a p\u0103\u0219it pe t\u0103r\u00e2mul academic al Universit\u0103\u021bii de Stat din Bucure\u0219ti, unde, la Facultatea de Teologie Baptist\u0103, \u0219i-a des\u0103v\u00e2r\u0219it preg\u0103tirea, ob\u021bin\u00e2nd titlul de doctor \u00een teologie.<\/p>\n<p>Dar chemarea sa nu s-a limitat la amvon. \u00cen 1994, a intrat pe catedra Institutului \u201eSf\u00e2nta Treime\u201d din Chi\u0219in\u0103u, inaugur\u00e2nd astfel o carier\u0103 didactic\u0103 ce avea s\u0103 influen\u021beze genera\u021bii de tineri teologi. Dup\u0103 reorganizarea institu\u021biei \u0219i transformarea acesteia, mai \u00eent\u00e2i \u00een Colegiul Teologic-Pedagogic, apoi \u00een Universitatea \u201eDivitia Gratiae\u201d, fr. Mihai Malancea a continuat s\u0103 predea \u0219i, din 1998, s\u0103 \u00eendeplineasc\u0103 func\u021bia de prorector. \u00centre 2018 \u0219i 2023, a fost rectorul UDG, conduc\u00e2nd universitatea prin ani de dezvoltare \u0219i maturizare. Ast\u0103zi, slujirea sa academic\u0103 continu\u0103 at\u00e2t \u00een cadrul UDG, c\u00e2t \u0219i la Facultatea de Teologie Baptist\u0103 a Universit\u0103\u021bii de Stat din Bucure\u0219ti, \u00een programul de masterat.<\/p>\n<p>Via\u021ba personal\u0103 a r\u0103mas mereu ancorat\u0103 \u00een valori familiale \u0219i spirituale. \u00cen anul 1985, fr. Mihai a \u00eencheiat leg\u0103m\u00e2ntul c\u0103s\u0103toriei cu sora Lidia. Dumnezeu i-a binecuv\u00e2ntat cu cinci copii, care la r\u00e2ndul lor \u0219i-au \u00eentemeiat familii, oferindu-le nou\u0103 nepo\u021bi. Astfel, bucuria slujirii se \u00eemplete\u0219te \u00een via\u021ba lor cu binecuv\u00e2ntarea familiei.<\/p>\n<p>\u00cen toamna anului 2025, la 19 septembrie, \u00een cadrul celui de-al 35-lea Congres al Uniunii Bisericilor Cre\u0219tine Evanghelice Baptiste din Moldova, fr. Mihai Malancea a fost ales Episcop, o recunoa\u0219tere solemn\u0103 a slujirii sale neobosite, a statorniciei \u00een credin\u021b\u0103 \u0219i a viziunii sale pentru Biserica lui Hristos din Moldova.<\/p>\n<p>Ast\u0103zi, episcopul fr. Mihai Malancea se a\u0219az\u0103 \u00een \u0219irul slujitorilor care, prin devotament \u0219i \u00een\u021belepciune, continu\u0103 s\u0103 c\u0103l\u0103uzeasc\u0103 poporul lui Dumnezeu, cu privirea a\u021bintit\u0103 spre \u00cemp\u0103r\u0103\u021bia ce nu va avea sf\u00e2r\u0219it.<\/p>\n<p style=\"text-align: justify;\"><strong><span style=\"text-align: justify;\">Nicolai Vozian &#8211; <em>Secretar executiv al Uniunii Bisericilor Cre\u0219tine Evanghelice Baptiste din Moldova<\/em><br \/>\n<a href=\"http:\/\/baptist.org.md\/ro\/wp-content\/uploads\/2025\/11\/Nicolae-Vozian.png\"><img loading=\"lazy\" decoding=\"async\" class=\"wp-image-15950 alignleft\" src=\"http:\/\/baptist.org.md\/ro\/wp-content\/uploads\/2025\/11\/Nicolae-Vozian.png\" alt=\"\" width=\"293\" height=\"246\" srcset=\"https:\/\/baptist.org.md\/ro\/wp-content\/uploads\/2025\/11\/Nicolae-Vozian.png 940w, https:\/\/baptist.org.md\/ro\/wp-content\/uploads\/2025\/11\/Nicolae-Vozian-300x251.png 300w, https:\/\/baptist.org.md\/ro\/wp-content\/uploads\/2025\/11\/Nicolae-Vozian-768x644.png 768w\" sizes=\"auto, (max-width: 293px) 100vw, 293px\" \/><\/a><\/span><\/strong>Fratele Nicolae Vozian s-a n\u0103scut la 19 septembrie 1963 \u00een satul Crocmaz, raionul \u0218tefan Vod\u0103, \u00eentr-o familie de credincio\u0219i evlavio\u0219i care, \u00eenc\u0103 din copil\u0103rie, l-au \u00eendrumat pe calea Domnului. \u00cenv\u0103\u021b\u0103tura \u0219i pilda p\u0103rin\u021bilor au s\u0103dit \u00een inima lui o dragoste pentru Cuv\u00e2ntul lui Dumnezeu, care avea s\u0103 rodeasc\u0103 peste ani. Momentul decisiv al vie\u021bii sale a fost la 7 aprilie 1991, c\u00e2nd L-a primit pe Hristos ca M\u00e2ntuitor personal. \u00cen acela\u0219i an a \u00eencheiat leg\u0103m\u00e2nt cu Domnul, prin botez, \u00een biserica \u201eBetel\u201d din Chi\u0219in\u0103u, marc\u00e2nd astfel \u00eenceputul unei slujiri rodnice.<\/p>\n<p>Din 1993 a \u00eenceput lucrarea de predicare a Evangheliei, iar \u00een 1995 a fost ordinat diacon. Doi ani mai t\u00e2rziu, biserica l-a chemat s\u0103 conduc\u0103 un grup de studiu biblic \u00een sectorul Ciocana din Chi\u0219in\u0103u. Aceast\u0103 lucrare modest\u0103 a devenit semin\u021bele unei biserici noi: \u00een 1999 a luat fiin\u021b\u0103 comunitatea \u201eBetania\u201d, iar la 14 mai 2000 fratele Nicolae a fost ordinat ca p\u0103stor, primind chemarea de a p\u0103stori aceast\u0103 biseric\u0103 \u00eencredin\u021bat\u0103 de Domnul.<\/p>\n<p>Formarea sa spiritual\u0103 \u0219i academic\u0103 a fost consolidat\u0103 prin studii teologice la Colegiul Biblic \u201eHarul\u201d din Chi\u0219in\u0103u, iar apoi, \u00eentre anii 2003\u20132009, prin aprofundarea istoriei la Universitatea Pedagogic\u0103 de Stat. Aceast\u0103 \u00eembinare dintre chemarea duhovniceasc\u0103 \u0219i preg\u0103tirea academic\u0103 a conturat un slujitor ancorat \u00een tradi\u021bia evanghelic\u0103, dar \u0219i deschis spre o \u00een\u021belegere ampl\u0103 a contextului cultural \u0219i istoric.<\/p>\n<p>\u00cen anul 2005 a fost ales p\u0103stor responsabil al regiunii Chi\u0219in\u0103u, iar \u00een perioada 2009\u20132017 a \u00eemplinit cu credincio\u0219ie lucrarea de secretar executiv al Uniunii Bisericilor Cre\u0219tine Evanghelice Baptiste din Moldova. \u00cen septembrie 2017, la cel de-al XXXIII-lea Congres al Uniunii, fratele Nicolae Vozian a fost ales episcop, purt\u00e2nd pe umeri, timp de opt ani, responsabilitatea conducerii spirituale \u0219i pastorale a \u00eentregii Uniuni. \u00cen 2025, la cel de-al XXXV-lea Congres, Domnul a r\u00e2nduit ca fratele Nicolae s\u0103 fie reconfirmat \u00een slujirea de secretar executiv, continu\u00e2nd astfel s\u0103 slujeasc\u0103 cu aceea\u0219i statornicie \u0219i devotament.<\/p>\n<p>Al\u0103turi de so\u021bia sa, sora Elena, fratele Nicolae a crescut \u0219i educat trei copii \u2013 doi fii \u0219i o fiic\u0103 \u2013 l\u0103s\u00e2nd \u00een familie aceea\u0219i mo\u0219tenire de credin\u021b\u0103 \u0219i dragoste pentru Domnul pe care a primit-o \u0219i el de la p\u0103rin\u021bii s\u0103i.<\/p>\n<p>Astfel, via\u021ba fratelui Nicolae Vozian se contureaz\u0103 ca un parcurs al credincio\u0219iei \u0219i al slujirii neobosite, o m\u0103rturie vie a chem\u0103rii lui Dumnezeu \u0219i a lucr\u0103rii Duhului Sf\u00e2nt \u00een via\u021ba unui om pus deoparte pentru Evanghelie.<\/p>\n<p>&nbsp;<\/p>\n<p><strong>Igor \u0218eremet &#8211; <em>Vice-Episcop<\/em><\/strong><\/p>\n<p><a href=\"http:\/\/baptist.org.md\/ro\/wp-content\/uploads\/2025\/11\/Igor-Seremet.png\"><img loading=\"lazy\" decoding=\"async\" class=\"wp-image-15948 alignleft\" src=\"http:\/\/baptist.org.md\/ro\/wp-content\/uploads\/2025\/11\/Igor-Seremet.png\" alt=\"\" width=\"281\" height=\"235\" srcset=\"https:\/\/baptist.org.md\/ro\/wp-content\/uploads\/2025\/11\/Igor-Seremet.png 940w, https:\/\/baptist.org.md\/ro\/wp-content\/uploads\/2025\/11\/Igor-Seremet-300x251.png 300w, https:\/\/baptist.org.md\/ro\/wp-content\/uploads\/2025\/11\/Igor-Seremet-768x644.png 768w\" sizes=\"auto, (max-width: 281px) 100vw, 281px\" \/><\/a>Via\u021ba fratelui Igor \u0218eremet este m\u0103rturia unui drum al credin\u021bei tr\u0103ite cu dedicare, \u00eenso\u021bit\u0103 de binecuv\u00e2nt\u0103rile \u0219i chem\u0103rile lui Dumnezeu. S-a n\u0103scut la 19 noiembrie 1976, \u00eentr-o familie de tradi\u021bie ortodox\u0103, \u00een satul Vadul lui Isac, la hotarul sudic al Republicii Moldova. \u00cenc\u0103 din adolescen\u021b\u0103, \u00een inima lui s-au trezit \u00eentreb\u0103ri \u0219i dorin\u021be profunde de a-L cunoa\u0219te pe Dumnezeu \u00een mod personal. Aceast\u0103 perioad\u0103 a c\u0103ut\u0103rilor duhovnice\u0219ti a \u00eenceput \u00een prim\u0103vara anului 1992 \u0219i a culminat cu poc\u0103in\u021ba sincer\u0103 \u0219i \u00eentoarcerea sa la Hristos, \u00een februarie 1993.<\/p>\n<p>Pe 1 august acela\u0219i an, Igor a \u00eencheiat leg\u0103m\u00e2nt cu Domnul prin botezul \u00een ap\u0103, asum\u00e2ndu-\u0219i con\u0219tient chemarea de a tr\u0103i pentru Evanghelie. Din acel moment, inima sa a fost cuprins\u0103 de dorin\u021ba de a sluji, implic\u00e2ndu-se activ \u00een misiune \u0219i \u00een lucrul cu tinerii.<\/p>\n<p>\u00cen anul 1996, pa\u0219ii l-au condus spre Colegiul Teologico-Pedagogic din Chi\u0219in\u0103u (ast\u0103zi Universitatea \u201eDivitia Gratiae\u201d), unde a urmat sec\u021bia pastoral\u0103. Anii de studii nu au fost doar o perioad\u0103 de formare academic\u0103, ci \u0219i de implicare direct\u0103 \u00een lucrarea bisericii. \u00cempreun\u0103 cu colegul s\u0103u de genera\u021bie, fratele Mihai Malancea, a participat la plantarea Bisericii \u201eFiladelfia\u201d din Anenii Noi, unde, dup\u0103 finalizarea studiilor, a fost chemat s\u0103 slujeasc\u0103.<\/p>\n<p>\u00cen vara anului 1998, la 16 august, Igor \u0219i-a unit via\u021ba cu sora Mariana Jilihovschi prin leg\u0103m\u00e2ntul sf\u00e2nt al c\u0103s\u0103toriei. La doar o s\u0103pt\u0103m\u00e2n\u0103 de la nunt\u0103, cei doi \u0219i-au f\u0103cut bagajele \u0219i s-au mutat \u00een Anenii Noi, convin\u0219i c\u0103 Dumnezeu \u00eei cheam\u0103 acolo pentru o lucrare de durat\u0103.<\/p>\n<p>La 9 mai 1999, fratele Igor a fost ordinat ca p\u0103stor al Bisericii \u201eFiladelfia\u201d din Anenii Noi. Dou\u0103 decenii a p\u0103storit cu d\u0103ruire aceast\u0103 comunitate, fiind pentru mul\u021bi un exemplu de credin\u021b\u0103, echilibru \u0219i statornicie. \u00cen anul 2013, Uniunea Bisericilor l-a desemnat p\u0103stor responsabil pentru regiunea C\u0103u\u0219ani, unde, timp de 12 ani, a condus \u0219i a sprijinit lucrarea bisericilor locale, \u00eencuraj\u00e2nd slujitorii \u0219i \u00eent\u0103rind comunit\u0103\u021bile.<\/p>\n<p>Familia \u0218eremet a fost binecuv\u00e2ntat\u0103 de Dumnezeu cu cinci copii \u2014 dou\u0103 fiice \u0219i trei fii. Trei dintre ei \u0219i-au \u00eentemeiat deja propriile familii, aduc\u00e2ndu-le bucuria de a fi bunici. Ast\u0103zi, Igor \u0219i Mariana se bucur\u0103 de darul a dou\u0103 nepo\u021bele, pe care le privesc ca pe o mo\u0219tenire a binecuv\u00e2nt\u0103rii lui Dumnezeu peste genera\u021bii.<\/p>\n<p>Momentul de \u00eencununare a acestei slujiri a avut loc la 19 septembrie 2025, c\u00e2nd, \u00een cadrul celui de-al XXXV-lea Congres al Uniunii Bisericilor Cre\u0219tine Evanghelice Baptiste din Moldova, p\u0103storul Igor \u0218eremet a fost ales \u00een slujirea de <strong>asistent al episcopului<\/strong>, pentru a contribui la conducerea \u0219i \u00eendrumarea spiritual\u0103 a \u00eentregii fr\u0103\u021biet\u0103\u021bi.<\/p>\n<p>Astfel, via\u021ba \u0219i lucrarea fratelui Igor \u0218eremet r\u0103m\u00e2n o dovad\u0103 vie c\u0103 Domnul cheam\u0103, preg\u0103te\u0219te \u0219i folose\u0219te slujitori credincio\u0219i pentru a-\u0218i \u00eemplini planurile \u00een Biserica Sa.<\/p>\n<p>&nbsp;<\/p>\n<p>&nbsp;<\/p>\n","protected":false},"excerpt":{"rendered":"<p>Mihai Malancea &#8211; episcop al Uniunii Bisericilor CEB din Republica Moldova &nbsp; Destinul unui om se \u00eemplete\u0219te adesea cu istoria comunit\u0103\u021bii din care se na\u0219te. A\u0219a s-a \u00eent\u00e2mplat \u0219i cu fr. Mihai Malancea, care&#46;&#46;&#46;<\/p>\n","protected":false},"author":2,"featured_media":0,"parent":0,"menu_order":0,"comment_status":"closed","ping_status":"closed","template":"","meta":{"footnotes":""},"class_list":["post-903","page","type-page","status-publish","hentry"],"_links":{"self":[{"href":"https:\/\/baptist.org.md\/ro\/index.php?rest_route=\/wp\/v2\/pages\/903","targetHints":{"allow":["GET"]}}],"collection":[{"href":"https:\/\/baptist.org.md\/ro\/index.php?rest_route=\/wp\/v2\/pages"}],"about":[{"href":"https:\/\/baptist.org.md\/ro\/index.php?rest_route=\/wp\/v2\/types\/page"}],"author":[{"embeddable":true,"href":"https:\/\/baptist.org.md\/ro\/index.php?rest_route=\/wp\/v2\/users\/2"}],"replies":[{"embeddable":true,"href":"https:\/\/baptist.org.md\/ro\/index.php?rest_route=%2Fwp%2Fv2%2Fcomments&post=903"}],"version-history":[{"count":14,"href":"https:\/\/baptist.org.md\/ro\/index.php?rest_route=\/wp\/v2\/pages\/903\/revisions"}],"predecessor-version":[{"id":15997,"href":"https:\/\/baptist.org.md\/ro\/index.php?rest_route=\/wp\/v2\/pages\/903\/revisions\/15997"}],"wp:attachment":[{"href":"https:\/\/baptist.org.md\/ro\/index.php?rest_route=%2Fwp%2Fv2%2Fmedia&parent=903"}],"curies":[{"name":"wp","href":"https:\/\/api.w.org\/{rel}","templated":true}]}}