{"id":829,"date":"2013-04-22T23:46:02","date_gmt":"2013-04-22T19:46:02","guid":{"rendered":"http:\/\/baptist.org.md\/ro\/?page_id=829"},"modified":"2016-02-05T16:44:44","modified_gmt":"2016-02-05T14:44:44","slug":"purtatorii-de-speranta-germania","status":"publish","type":"page","link":"https:\/\/baptist.org.md\/ro\/?page_id=829","title":{"rendered":"Misiunea &#8220;Purt\u0103torii de Speran\u0163\u0103. EST&#8221;"},"content":{"rendered":"<p style=\"text-align: justify;\">Ideea \u00eenfiin\u0163\u0103rii misiunii <strong>&#8220;Purt\u0103torii de Speran\u0163\u0103. EST&#8221;<\/strong> s-a n\u0103scut \u00een inima fratelui <strong>Heinrich Beck<\/strong>, care este bine cunoscut \u00een Republica Moldova. Mai bine de 20 de ani el a propov\u0103duit Evanghelia \u00een \u0163ara noastr\u0103 prin diverse slujiri. Ini\u0163ial fratele a lucrat \u00een<strong> Slavic Gospel Association<\/strong>, care desf\u0103\u015fura proiecte evanghelistice \u015fi umanitare pe teritoriul fostei Uniuni Sovietice, continu\u00eendu-\u015fi apoi activitatea \u00een cadrul Misiunii Biblice.<\/p>\n<p style=\"text-align: justify;\">\u00cen tot acest timp Dumnezeu a preg\u0103tit terenul pentru slujirea pe care fratele urma s\u0103 o fac\u0103 \u00een urm\u0103torii ani. \u00cen anul 2007 prin voia lui Dumnezeu ia fiin\u0163\u0103 o nou\u0103 organiza\u0163ie cre\u015ftin\u0103. \u00centruc\u00e2t scopul primordial al misiunii este de a duce sufletelor ce se afl\u0103 pe calea pierz\u0103rii speran\u0163a \u00een Isus Crisos prin Cuv\u00e2nt, fapte bune \u015fi manifestare a dragostei, organiza\u0163ia a primit titlul <strong>&#8220;Purt\u0103torii de speran\u0163\u0103. EST&#8221;<\/strong>.<\/p>\n<p style=\"text-align: justify;\">Primul proiect al misiunii a fost acordarea suportului financiar pentru misionari, totodat\u0103, d\u00e2ndu-le posibilitatea s\u0103 organizeze \u015fi s\u0103 deasf\u0103\u015foare diverse slujiri. &#8220;Am mul\u0163i prieteni printre misionari. \u015etiam, c\u0103 din cauza lipsei de suport, mul\u0163i dintre ei erau nevoi\u0163i s\u0103-\u015fi caute serviciu sau s\u0103 plece peste hotare. De aceea, scopul nostru const\u0103 \u00een acordarea suportului financiar \u015fi spiritual predicatorilor, ca ei s\u0103 poat\u0103 s\u0103 fac\u0103 slujirea aici \u00een Moldova, plant\u00e2nd biserici noi, propov\u0103duind oamenilor Evanghelia, lucr\u00e2nd cu familiile s\u0103race. Eram con\u015ftien\u0163i de faptul, c\u0103 ajut\u00e2nd misionarii devenim parte a r\u0103sp\u00e2ndirii Ve\u015ftii Bune&#8221;, spune Heinrich Beck.<\/p>\n<p style=\"text-align: justify;\">Dumnezeu a binecuv\u00e2ntat din bel\u015fug aceast\u0103 lucrare. Cu timpul au fost lansate \u015fi alte proiecte. Actualmente misiunea \u00ee\u015fi desf\u0103\u015foar\u0103 activitatea pe teritoriul a dou\u0103 \u0163\u0103ri \u2013 Republica Moldova \u015fi Ucraina. \u00cen \u0163ara noatsr\u0103 &#8220;Purt\u0103torii de speran\u0163\u0103.EST&#8221; \u00een conlucrare cu Uniunea Bisericilor CEB ofer\u0103 suport la 20 de misionari. Se desf\u0103\u015foar\u0103 o lucrare activ\u0103 cu copiii orfani, familii s\u0103race \u015fi diverse proiecte evanghelistice.<\/p>\n<p style=\"text-align: justify;\">Indiferent de direc\u0163iile slujirii pe care o desf\u0103\u015foar\u0103, misiunea &#8220;Purt\u0103torii de speran\u0163\u0103. EST&#8221; urm\u0103re\u015fte un singur scop: evanghelizarea. &#8220;Acesta este scopul a ceea ce facem: prin predicare, prin fapte de milostenie s\u0103 le spunem oamenilor despre dragostea lui Dumnezeu, despre faptul, c\u0103 Isus Cristos este Speran\u0163a noastr\u0103, iar noi suntem doar purt\u0103torii ei. Vrem ca prin faptele noastre cei din jur s\u0103-L vad\u0103 de Isus \u015fi s\u0103 simt\u0103 dragostea Lui. Pentru aceasta utiliz\u0103m diverse metode. Cel mai mult ne bucur\u0103, c\u00e2nd prin aceast\u0103 slujire oamenii vin la Domnul, c\u00e2nd ochii tri\u015fti z\u00e2mbesc din nou, c\u00e2nd cei lipsi\u0163i de speran\u0163\u0103 \u2013 primesc n\u0103dejdea. Pentru noi aceasta este cea mai mare binecuv\u00e2ntare&#8221;, a declarat fratele Heinrich Beck pentru redac\u0163ia noastr\u0103.<\/p>\n<p style=\"text-align: justify;\">F\u0103r\u0103 \u00eendoial\u0103, derularea tuturor proiectelor \u015fi programelor misiunii nu ar fi fost posibil\u0103 f\u0103r\u0103 suport financiar. De aceea, \u00eei mul\u0163umim Domnului pentru fra\u0163ii \u015fi surorile din Germania, Elve\u0163ia, SUA \u015fi Austria care jertfind, l\u0103rgesc \u00cemp\u0103r\u0103\u0163ia lui Dumnezeu precum \u00een Moldova, c\u00e2t \u015fi Ucraina. Ne rug\u0103m, ca \u015fi \u00een continuare prin aceste slujiri oamenii s\u0103 g\u0103seasc\u0103 adev\u0103rata N\u0103dejde.<\/p>\n<p style=\"text-align: justify;\">\n","protected":false},"excerpt":{"rendered":"<p>Ideea \u00eenfiin\u0163\u0103rii misiunii &#8220;Purt\u0103torii de Speran\u0163\u0103. EST&#8221; s-a n\u0103scut \u00een inima fratelui Heinrich Beck, care este bine cunoscut \u00een Republica Moldova. Mai bine de 20 de ani el a propov\u0103duit Evanghelia \u00een \u0163ara noastr\u0103&#46;&#46;&#46;<\/p>\n","protected":false},"author":2,"featured_media":12689,"parent":0,"menu_order":0,"comment_status":"closed","ping_status":"closed","template":"","meta":{"footnotes":""},"class_list":["post-829","page","type-page","status-publish","has-post-thumbnail","hentry"],"_links":{"self":[{"href":"https:\/\/baptist.org.md\/ro\/index.php?rest_route=\/wp\/v2\/pages\/829","targetHints":{"allow":["GET"]}}],"collection":[{"href":"https:\/\/baptist.org.md\/ro\/index.php?rest_route=\/wp\/v2\/pages"}],"about":[{"href":"https:\/\/baptist.org.md\/ro\/index.php?rest_route=\/wp\/v2\/types\/page"}],"author":[{"embeddable":true,"href":"https:\/\/baptist.org.md\/ro\/index.php?rest_route=\/wp\/v2\/users\/2"}],"replies":[{"embeddable":true,"href":"https:\/\/baptist.org.md\/ro\/index.php?rest_route=%2Fwp%2Fv2%2Fcomments&post=829"}],"version-history":[{"count":5,"href":"https:\/\/baptist.org.md\/ro\/index.php?rest_route=\/wp\/v2\/pages\/829\/revisions"}],"predecessor-version":[{"id":12698,"href":"https:\/\/baptist.org.md\/ro\/index.php?rest_route=\/wp\/v2\/pages\/829\/revisions\/12698"}],"wp:featuredmedia":[{"embeddable":true,"href":"https:\/\/baptist.org.md\/ro\/index.php?rest_route=\/wp\/v2\/media\/12689"}],"wp:attachment":[{"href":"https:\/\/baptist.org.md\/ro\/index.php?rest_route=%2Fwp%2Fv2%2Fmedia&parent=829"}],"curies":[{"name":"wp","href":"https:\/\/api.w.org\/{rel}","templated":true}]}}