{"id":806,"date":"2013-04-22T23:15:49","date_gmt":"2013-04-22T19:15:49","guid":{"rendered":"http:\/\/baptist.org.md\/?page_id=806"},"modified":"2020-04-05T12:08:44","modified_gmt":"2020-04-05T09:08:44","slug":"femei","status":"publish","type":"page","link":"https:\/\/baptist.org.md\/ro\/?page_id=806","title":{"rendered":"Departamentul Surorilor"},"content":{"rendered":"<p><a href=\"http:\/\/baptist.org.md\/ro\/wp-content\/uploads\/91981595_2718437731721484_9080340877049593856_o.jpg\"><img loading=\"lazy\" decoding=\"async\" class=\"aligncenter size-full wp-image-14634\" src=\"http:\/\/baptist.org.md\/ro\/wp-content\/uploads\/91981595_2718437731721484_9080340877049593856_o.jpg\" alt=\"\" width=\"2047\" height=\"2047\" srcset=\"https:\/\/baptist.org.md\/ro\/wp-content\/uploads\/91981595_2718437731721484_9080340877049593856_o.jpg 2047w, https:\/\/baptist.org.md\/ro\/wp-content\/uploads\/91981595_2718437731721484_9080340877049593856_o-300x300.jpg 300w, https:\/\/baptist.org.md\/ro\/wp-content\/uploads\/91981595_2718437731721484_9080340877049593856_o-1024x1024.jpg 1024w, https:\/\/baptist.org.md\/ro\/wp-content\/uploads\/91981595_2718437731721484_9080340877049593856_o-150x150.jpg 150w, https:\/\/baptist.org.md\/ro\/wp-content\/uploads\/91981595_2718437731721484_9080340877049593856_o-768x768.jpg 768w, https:\/\/baptist.org.md\/ro\/wp-content\/uploads\/91981595_2718437731721484_9080340877049593856_o-1536x1536.jpg 1536w, https:\/\/baptist.org.md\/ro\/wp-content\/uploads\/91981595_2718437731721484_9080340877049593856_o-160x160.jpg 160w\" sizes=\"auto, (max-width: 2047px) 100vw, 2047px\" \/><\/a><\/p>\n<p><b>Motto<\/b>: \u201eUn cuv\u00e2nt spune Domnul \u015fi femeile aduc\u0103toare de ve\u015fti bune sunt o mare o\u015ftire&#8230;\u201d (Psalmi 68:11)<\/p>\n<p><b>Viziunea lucr\u0103rii<\/b>: Glorificarea lui Dumnezeu prin formarea de ucenice mature \u00een Hristos.<\/p>\n<p><b>Misiunea:<\/b> \u00cencurajarea \u015fi facilitarea cre\u015fterii spirituale personale a femeilor pentru a deveni membre s\u0103n\u0103toase \u015fi active ale Trupului lui Hristos prin motivarea, echiparea \u015fi implicarea lor \u00een diferite aspecte ale slujirii cre\u015ftine \u00een scopul edific\u0103rii \u015fi l\u0103rgirii \u00cemp\u0103r\u0103\u0163iei lui Dumnezeu.<\/p>\n<p><b>Principii tr\u0103ite de fiecare femeie dup\u0103 un chip vrednic de Domnul:<\/b><\/p>\n<ul>\n<li>S\u0103-L descopere pe Dumnezeu \u00een mod personal;<span class=\"Apple-converted-space\">\u00a0<\/span><\/li>\n<li>S\u0103 tr\u0103iasc\u0103 o via\u0163\u0103 de credin\u0163\u0103 fundamentat\u0103 pe Cuv\u00e2nt, care s\u0103 reflecte plin\u0103tatea Duhului Sf\u00e2nt;<\/li>\n<li>S\u0103 \u00ee\u0219i identifice \u0219i s\u0103 slujeasc\u0103 \u00een conformitate cu darurile spirituale cu care a fost \u00eenzestrat\u0103;<span class=\"Apple-converted-space\">\u00a0<\/span><\/li>\n<li>S\u0103 fie un exemplu demn de urmat \u00een familie, biseric\u0103 \u015fi societate.<\/li>\n<\/ul>\n<p><b>Principii de slujire:<\/b><\/p>\n<ol>\n<li>Sub autoritatea lui Dumnezeu, \u00een conformitate cu Cuv\u00e2ntul S\u0103u \u015fi c\u0103l\u0103uzirea Duhului Sf\u00e2nt;<\/li>\n<li>Sub autoritatea slujitorilor;<\/li>\n<li>\u00cen echip\u0103 pe plan local, regional \u015fi na\u0163ional;<\/li>\n<li>Ucenicizarea;<\/li>\n<li>Multiplicarea;<\/li>\n<li>Slujirea \u00een urma identific\u0103rii nevoilor Bisericii.<\/li>\n<\/ol>\n<p><b>Pa\u015fi \u00een des\u0103v\u00e2r\u015firea lucr\u0103rii:<\/b><\/p>\n<ol>\n<li>Planificare<\/li>\n<li>Implementare<\/li>\n<li>Evaluare<\/li>\n<li>\u00cembun\u0103t\u0103\u0163ire<\/li>\n<\/ol>\n<p><b>Direc\u0163iile lucr\u0103rii:<\/b><\/p>\n<ol>\n<li>Rug\u0103ciune<\/li>\n<li>Studiu biblic<\/li>\n<li>Evanghelizare<\/li>\n<li>Caritate<\/li>\n<\/ol>\n<p><b>Rug\u0103ciune<\/b><\/p>\n<ul>\n<li>Organizarea grupurilor de rug\u0103ciune, lan\u0163uri de rug\u0103ciune, buletine de rug\u0103ciune care s\u0103 sus\u0163in\u0103<span class=\"Apple-converted-space\">\u00a0 <\/span>lucrarea bisericii, slujitorii Domnului \u015fi nevoile speciale care apar \u00een cadrul bisericii locale, regionale \u0219i na\u021bionale;<\/li>\n<li>Organizarea zilelor de post \u0219i rug\u0103ciune \u00een conformitate cu nevoile lucr\u0103rii locale, regionale si na\u021bionale;<\/li>\n<li>Organizarea la nivel de ora\u015f \u015fi de comunitate a unor seminare\/conferin\u0163e de rug\u0103ciune \u00een care s\u0103 se dea \u00eenv\u0103\u0163\u0103tur\u0103 despre importan\u0163a rug\u0103ciunii, metode eficiente de mijlocire \u015fi s\u0103 se petreac\u0103 timp \u00een rug\u0103ciune;<\/li>\n<li>Organizarea unor \u00eent\u00e2lniri speciale cu ocazia zilei mondiale \u015fi na\u0163ionale de rug\u0103ciune a femeilor baptiste.<span class=\"Apple-converted-space\">\u00a0<\/span><\/li>\n<\/ul>\n<p><b>Studiu Biblic (U\u0441enicie \/ Mentorare \/ Echiparea tinerelor slujitoare)<\/b><\/p>\n<ul>\n<li>Organizarea grupurilor<span class=\"Apple-converted-space\">\u00a0 <\/span>de studiu biblic \u015fi rug\u0103ciune, pentru ca un num\u0103r c\u00e2t mai mare de surori s\u0103 creasc\u0103 \u00een cunoa\u015fterea Cuv\u00e2ntului lui Dumnezeu \u015fi \u00een p\u0103rt\u0103\u015fia cu El. \u00cen aceste grupuri se vor folosi ca baz\u0103 de studiu, \u00een func\u0163ie de nevoile concrete ale femeilor din grupul respectiv, diferite materiale (Ghidul de studiu biblic al surorilor din RM, Precept Ministries, BEE sau altele), care au aprobarea Conducerii UBCEB.<span class=\"Apple-converted-space\">\u00a0<\/span><\/li>\n<li>Organizarea seminarelor regionale cu scop de motivare, provocare la studierea Scripturii \u0219i lansarea Ghidului de studiu biblic pentru femeile din RM la \u00eenceput de fiecare an, sub genericul \u201eFemeile de ieri &#8211; impact peste veacuri\u201d.<\/li>\n<li>Organizarea seminarelor de instruire la nivel local, regional \u015fi na\u0163ional cu scop de a preg\u0103ti femei pentru lucrare.<\/li>\n<li>Organizarea de \u00eent\u00e2lniri la nivel de biseric\u0103, ora\u015f sau comunitate \u00een care s\u0103 se dea \u00eenv\u0103\u0163\u0103tur\u0103 biblic\u0103 s\u0103n\u0103toas\u0103 referitoare la cre\u015fterea spiritual\u0103, abord\u00e2nd diverse subiecte importante (de exemplu, caracter cre\u0219tin, mam\u0103 spiritual\u0103, \u00eensemn\u0103tatea rolului de so\u0163ie \u015fi mam\u0103, slujirea \u00een Biseric\u0103, ucenicie, etc.).<span class=\"Apple-converted-space\">\u00a0<\/span><\/li>\n<\/ul>\n<p><b>Caritate<span class=\"Apple-converted-space\">\u00a0<\/span><\/b><\/p>\n<ul>\n<li>Organizarea vizit\u0103rii \u015fi ajutor\u0103rii bolnavilor, b\u0103tr\u00e2nilor, v\u0103duvelor \u0219i orfanilor din biseric\u0103;<\/li>\n<li>Identificarea azilelor de b\u0103tr\u00e2ni, a centrelor de minori \u015fi a \u00eenchisorilor pentru femei din zon\u0103, a spitalelor, internatelor<span class=\"Apple-converted-space\">\u00a0 <\/span>\u015fi \u00eencurajarea femeilor s\u0103 se implice \u00een a duce Evanghelia \u00een aceste locuri \u015fi a oferi ajutor \u00een conformitate cu nevoile acestor persoane \u0219i posibilit\u0103\u021bile avute;<\/li>\n<li>Organizarea la nivel de comunitate a unor cursuri de instruire pentru consilierii laici \u015fi formarea de femei care s\u0103 poat\u0103 consilia alte femei care se confrunt\u0103 cu diferite probleme;<\/li>\n<li>Organizarea seminarelor cu scop de echiparea familiilor \u00een ce prive\u0219te \u00eengrijirea bolnavilor din familie \u0219i Biseric\u0103;<\/li>\n<li>Organizarea meselor, oferirea darurilor v\u0103duvelor, orfanilor, familiilor social-vulnerabile.<\/li>\n<\/ul>\n<p><b>Evanghelizare<span class=\"Apple-converted-space\">\u00a0<\/span><\/b><\/p>\n<ul>\n<li>Organizarea cu ocazia unor zile speciale (ca de exemplu, Na\u015fterea Domnului, \u00cenvierea Domnului, 8 martie, 1 iunie, etc.) a \u00eentrunirilor de evanghelizare pentru diferite categorii de femei;<span class=\"Apple-converted-space\">\u00a0<\/span><\/li>\n<li>Crearea unor proiecte specifice, care s\u0103 asigure un impact mai mare \u00een societate (pagina pe facebook \u2013 <a href=\"https:\/\/www.facebook.com\/Femei-cu-verticalitate-1748086098756657\/?__xts__[0]=68.ARCupTpGoPKpacomW0uygRG-xEVPjIev3L6x1gJlU2E4QnErMdMxsEWi-0ocYNgjFMj4XFyFgemV0k_yYAmPKcOEV2cd6IHRZ9VKcrncCU-TzRuFjqg35buVyNacIcgxIcheyjI2UUScsT3A80oSre8eRplk_MvJBOOdTCP6Hg3G6-kbfzyErW6M_FTrRKZ6IPI8NUYrUohTArcD4a0dTYMykRlmx44e34TCIfh5fGgSosykwnT1yVry0bnpLfKzcTmyvQot9jGaSb5DIVB9G1sJnBbq6H6A0ToCDf1-cp_OlZaeR-kd8wwzDQqGBBUpHg&amp;__tn__=k*F&amp;tn-str=k*F\">Femei cu verticalitate<\/a>, buletinul surorilor, revist\u0103 pentru femei, calendar pentru femei, devo\u021bional pentru fete, etc.).<\/li>\n<\/ul>\n<p><span class=\"Apple-converted-space\">\u00a0<\/span>Principiile directoare c\u0103rora se subscrie lucrarea pe care o facem \u015fi la care suntem chemate s\u0103 ader\u0103m cu toate:<\/p>\n<ol>\n<li><b><\/b><b>Lucr\u0103m \u00eempreun\u0103 pentru a zidi \u00cemp\u0103r\u0103\u0163ia lui Dumnezeu, nu pentru a ne promova propria persoan\u0103, \u201elucrare\u201d sau organiza\u0163ie.<\/b><\/li>\n<li><b><\/b><b>Facem lucrarea, ne tr\u0103im via\u0163a \u015fi stabilim rela\u0163ii cu cei din jur bazate pe harul Domnului, nu subscriind unei atitudini caracterizate de legalism sau libertinaj.<\/b><\/li>\n<li><b><\/b><b>Lucrarea pe care o facem este una de slujire \u00een autoritatea pe care ne-o d\u0103 Dumnezeu prin Duhul Sf\u00e2nt, \u00een supunere fa\u0163\u0103 de conducerea bisericii\/comunit\u0103\u0163ii \u015fi nu urm\u0103rim puterea\/influen\u0163a conferit\u0103 de o anumit\u0103 pozi\u0163ie.<\/b><\/li>\n<li><b><\/b><b>Ne dedic\u0103m lucrului \u00een echip\u0103, \u00eencuraj\u00e2ndu-ne \u015fi sprijinindu-ne unele pe altele, fiecare contribuind la prop\u0103\u015firea lucr\u0103rii cu darurile pe care le are. Nu face nimeni lucrarea de una singur\u0103, \u00een izolare.<\/b><\/li>\n<li><b><\/b><b>Ne rug\u0103m \u015fi lucr\u0103m \u00eempreun\u0103 pentru a asigura consolidarea \u015fi dezvoltarea\/cre\u015fterea lucr\u0103rii. Facem din aceasta un scop pe care-l urm\u0103rim cu consecven\u0163\u0103, nu ne mul\u0163umim cu o cre\u015ftere accidental\u0103\/la voia \u00eent\u00e2mpl\u0103rii.<br \/>\n<span class=\"Apple-converted-space\">\u00a0\u00a0 \u00a0 \u00a0 \u00a0 \u00a0 \u00a0 \u00a0 \u00a0 \u00a0 \u00a0 \u00a0 \u00a0 \u00a0 \u00a0 \u00a0 \u00a0 \u00a0 \u00a0 \u00a0 \u00a0 \u00a0 \u00a0 \u00a0 \u00a0 \u00a0 \u00a0<\/span><\/b><\/li>\n<\/ol>\n<p><b>Domnul s\u0103 ne ajute a\u015fa s\u0103 tr\u0103im \u015fi s\u0103 slujim!<\/b><\/p>\n<p><b>\u201eTu dar, copilul meu, \u00eent\u0103re\u015fte-te \u00een harul care este \u00een Hristos Isus. \u015ei ce-ai auzit de la mine \u00een fa\u0163a multor martori, \u00eencredin\u0163eaz\u0103 la oameni de \u00eencredere, care s\u0103 fie \u00een stare s\u0103 \u00eenve\u0163e pe al\u0163ii.\u201d<span class=\"Apple-converted-space\">\u00a0 \u00a0 \u00a0 \u00a0 \u00a0 \u00a0 \u00a0 \u00a0 \u00a0 \u00a0 \u00a0 \u00a0 \u00a0 \u00a0 \u00a0 \u00a0 \u00a0 \u00a0 \u00a0 \u00a0 \u00a0 \u00a0 \u00a0 \u00a0 \u00a0 \u00a0 \u00a0 \u00a0 \u00a0 \u00a0 \u00a0 \u00a0 \u00a0 \u00a0 \u00a0 \u00a0 \u00a0 \u00a0 \u00a0 \u00a0 \u00a0 \u00a0 \u00a0 \u00a0 \u00a0 \u00a0 \u00a0 \u00a0 \u00a0 \u00a0 \u00a0 \u00a0 \u00a0 \u00a0 \u00a0 \u00a0 \u00a0 \u00a0 \u00a0 \u00a0 \u00a0 \u00a0 \u00a0 \u00a0 \u00a0 \u00a0 \u00a0 \u00a0 \u00a0 \u00a0 \u00a0<\/span><\/b>( 2 Timotei 2:1-2)<\/p>\n<p>Eugenia Podoleanu,<\/p>\n<p>Coordonatoarea Departamentului Surorilor UBCEB RM<\/p>\n<p>Telefon de contact: +373 69907707<\/p>\n<p>E-mail: eugenia_podoleanu@yahoo.com<\/p>\n<p>Facebook: <a href=\"https:\/\/www.facebook.com\/petrueugenia.podoleanu\">Eugenia Podoleanu<\/a>, <a href=\"https:\/\/www.facebook.com\/Femei-cu-verticalitate-1748086098756657\/?eid=ARD_GmQm7wvvB_KWniw8bh9MrIBrqzw_ni2NMpS8W0yZbARA0VT4kmFO0mEeQgjp3qfmPfqsvKKdgw_i&amp;timeline_context_item_type=intro_card_work&amp;timeline_context_item_source=100004981471199&amp;fref=tag\">Femei cu verticalitate<\/a><\/p>\n","protected":false},"excerpt":{"rendered":"<p>Motto: \u201eUn cuv\u00e2nt spune Domnul \u015fi femeile aduc\u0103toare de ve\u015fti bune sunt o mare o\u015ftire&#8230;\u201d (Psalmi 68:11) Viziunea lucr\u0103rii: Glorificarea lui Dumnezeu prin formarea de ucenice mature \u00een Hristos. Misiunea: \u00cencurajarea \u015fi facilitarea cre\u015fterii&#46;&#46;&#46;<\/p>\n","protected":false},"author":2,"featured_media":0,"parent":0,"menu_order":0,"comment_status":"closed","ping_status":"closed","template":"","meta":{"footnotes":""},"class_list":["post-806","page","type-page","status-publish","hentry"],"_links":{"self":[{"href":"https:\/\/baptist.org.md\/ro\/index.php?rest_route=\/wp\/v2\/pages\/806","targetHints":{"allow":["GET"]}}],"collection":[{"href":"https:\/\/baptist.org.md\/ro\/index.php?rest_route=\/wp\/v2\/pages"}],"about":[{"href":"https:\/\/baptist.org.md\/ro\/index.php?rest_route=\/wp\/v2\/types\/page"}],"author":[{"embeddable":true,"href":"https:\/\/baptist.org.md\/ro\/index.php?rest_route=\/wp\/v2\/users\/2"}],"replies":[{"embeddable":true,"href":"https:\/\/baptist.org.md\/ro\/index.php?rest_route=%2Fwp%2Fv2%2Fcomments&post=806"}],"version-history":[{"count":5,"href":"https:\/\/baptist.org.md\/ro\/index.php?rest_route=\/wp\/v2\/pages\/806\/revisions"}],"predecessor-version":[{"id":14638,"href":"https:\/\/baptist.org.md\/ro\/index.php?rest_route=\/wp\/v2\/pages\/806\/revisions\/14638"}],"wp:attachment":[{"href":"https:\/\/baptist.org.md\/ro\/index.php?rest_route=%2Fwp%2Fv2%2Fmedia&parent=806"}],"curies":[{"name":"wp","href":"https:\/\/api.w.org\/{rel}","templated":true}]}}