{"id":802,"date":"2013-04-22T23:14:36","date_gmt":"2013-04-22T19:14:36","guid":{"rendered":"http:\/\/baptist.org.md\/?page_id=802"},"modified":"2013-04-22T23:14:36","modified_gmt":"2013-04-22T19:14:36","slug":"evanghelizare-si-misiune","status":"publish","type":"page","link":"https:\/\/baptist.org.md\/ro\/?page_id=802","title":{"rendered":"Evanghelizare \u015fi misiune"},"content":{"rendered":"<p style=\"text-align: right;\"><span style=\"color: #993300;\"><em><strong>\u201eEvanghelia aceasta a \u00cemp\u0103r\u0103\u0163iei va fi propov\u0103duit\u0103 \u00een toat\u0103 lumea, ca s\u0103 slujeasc\u0103 de m\u0103rturie tuturor neamurilor.\u201d<\/strong><\/em><\/span><\/p>\n<p style=\"text-align: right;\"><span style=\"color: #993300;\"><em><strong>(Matei 24: 14)<\/strong><\/em><\/span><\/p>\n<p style=\"text-align: justify;\">Evanghelizare \u015fi Misiune sunt sarcinile prioritare ale Uniunii Bisericilor Cre\u0219tine Evanghelice Baptiste (UBCEB). La baza acestei slujiri st\u0103 marea trimitere a Domnului nostru Isus Cristos: \u201eDuce\u0163i-v\u0103 \u015fi face\u0163i ucenici din toate neamurile, botez\u00e2ndu-i \u00een Numele Tat\u0103lui \u015fi al Fiului \u015fi al Sf\u00e2ntului Duh. \u015ei \u00eenv\u0103\u0163a\u0163i-i s\u0103 p\u0103zeasc\u0103 tot ce v-am poruncit. \u015ei iat\u0103 c\u0103 Eu sunt cu voi \u00een toate zilele, p\u00e2n\u0103 la sf\u00e2r\u015fitul veacului. Amin\u201d (Matei 28: 19, 20).<\/p>\n<p style=\"text-align: justify;\">Principalele scopuri ale acestei slujiri sunt evanghelizarea \u00een \u0163ar\u0103 \u015fi peste hotarele ei, <em><strong>\u201e&#8230;\u015fi p\u00e2n\u0103 la marginile p\u0103m\u00e2ntului\u201d (Faptele apostolilor 1: 8)<\/strong><\/em>, de asemenea, plantarea bisericilor evanghelice \u00een fiecare localitate din Republica Moldova.<\/p>\n<p style=\"text-align: justify;\"><strong>Departamentul de Evanghelizare \u015fi Misiune:<\/strong><\/p>\n<ul>\n<li style=\"text-align: left;\">organizeaz\u0103 activit\u0103\u0163i evanghelistice la nivel de Uniune<\/li>\n<li style=\"text-align: left;\">coordoneaz\u0103 slujirea \u00een \u0163ar\u0103 \u015fi \u00een str\u0103in\u0103tate;<\/li>\n<li style=\"text-align: left;\">motiveaz\u0103 bisericile \u015fi membrii ei s\u0103 \u00eemp\u0103rt\u0103\u015feasc\u0103 pretutindeni Vestea Bun\u0103;<\/li>\n<li style=\"text-align: left;\">adun\u0103 \u015fi ofer\u0103 comunit\u0103\u0163ilor informa\u0163ii despre slujirea misionarilor (pentru sus\u0163inere \u00een rug\u0103ciune, financiar\u0103 \u015fi altele);<\/li>\n<li style=\"text-align: left;\">desf\u0103\u015foar\u0103 diverse evenimente \u00een scopul preg\u0103tirii credincio\u015filor pentru misiune, de asemenea, conferin\u0163e de cre\u015ftere spiritual\u0103 pentru acei, care deja slujesc pe acest ogor.<\/li>\n<\/ul>\n<p style=\"text-align: justify;\">\u00cen cadrul departamentului se desf\u0103\u015foar\u0103 diverse programe \u015fi proiecte. De exemplu, \u201eLucr\u0103tori \u00een vie\u201d \u015fi \u201eMobilizarea bisericilor la misiune\u201d (MBM).<\/p>\n<p style=\"text-align: justify;\">Pentru schimb de experien\u0163\u0103 \u015fi extinderea activit\u0103\u0163ilor sale, departamentul colaboreaz\u0103 activ cu misiuni \u015fi organiza\u0163ii interconfesionale, inclusiv, interna\u0163ionale.<\/p>\n<p style=\"text-align: justify;\">Departamentul Evanghelizare \u015fi Misiune este coordonat de c\u0103tre secretarul executiv \u0219i lucreaz\u0103 \u00een str\u00e2ns\u0103 colaborare cu comunit\u0103\u0163ile regionale, care fac parte din structura Uniunii.<\/p>\n<p style=\"text-align: justify;\">\n","protected":false},"excerpt":{"rendered":"<p>\u201eEvanghelia aceasta a \u00cemp\u0103r\u0103\u0163iei va fi propov\u0103duit\u0103 \u00een toat\u0103 lumea, ca s\u0103 slujeasc\u0103 de m\u0103rturie tuturor neamurilor.\u201d (Matei 24: 14) Evanghelizare \u015fi Misiune sunt sarcinile prioritare ale Uniunii Bisericilor Cre\u0219tine Evanghelice Baptiste (UBCEB). La&#46;&#46;&#46;<\/p>\n","protected":false},"author":2,"featured_media":0,"parent":0,"menu_order":0,"comment_status":"closed","ping_status":"closed","template":"page-mission.php","meta":{"footnotes":""},"class_list":["post-802","page","type-page","status-publish","hentry"],"_links":{"self":[{"href":"https:\/\/baptist.org.md\/ro\/index.php?rest_route=\/wp\/v2\/pages\/802","targetHints":{"allow":["GET"]}}],"collection":[{"href":"https:\/\/baptist.org.md\/ro\/index.php?rest_route=\/wp\/v2\/pages"}],"about":[{"href":"https:\/\/baptist.org.md\/ro\/index.php?rest_route=\/wp\/v2\/types\/page"}],"author":[{"embeddable":true,"href":"https:\/\/baptist.org.md\/ro\/index.php?rest_route=\/wp\/v2\/users\/2"}],"replies":[{"embeddable":true,"href":"https:\/\/baptist.org.md\/ro\/index.php?rest_route=%2Fwp%2Fv2%2Fcomments&post=802"}],"version-history":[{"count":0,"href":"https:\/\/baptist.org.md\/ro\/index.php?rest_route=\/wp\/v2\/pages\/802\/revisions"}],"wp:attachment":[{"href":"https:\/\/baptist.org.md\/ro\/index.php?rest_route=%2Fwp%2Fv2%2Fmedia&parent=802"}],"curies":[{"name":"wp","href":"https:\/\/api.w.org\/{rel}","templated":true}]}}