{"id":2923,"date":"2013-11-27T01:09:04","date_gmt":"2013-11-26T21:09:04","guid":{"rendered":"http:\/\/baptist.org.md\/ro\/?page_id=2923"},"modified":"2016-03-13T18:49:33","modified_gmt":"2016-03-13T16:49:33","slug":"tineret-contacte","status":"publish","type":"page","link":"https:\/\/baptist.org.md\/ro\/?page_id=2923","title":{"rendered":"Tineret. Echip\u0103"},"content":{"rendered":"<p style=\"text-align: justify;\"><a title=\"\" href=\"http:\/\/baptist.org.md\/ro\/wp-content\/uploads\/2014\/03\/Vitalie.Final_.jpg\" target=\"\" rel=\"\"><img decoding=\"async\" class=\"alignright size-full wp-image-4170\" title=\"\" src=\"http:\/\/baptist.org.md\/ro\/wp-content\/uploads\/2014\/03\/Vitalie.Final_.jpg\" alt=\"Vitalie.Final\" width=\"300\" height=\"\" \/><\/a><strong>Vitalie Carabet\u2013 coordonatorul Departamentului Tineret din cadrul Uniunii BCEB<\/strong><\/p>\n<p style=\"text-align: justify;\">S-a n\u0103scut la 26 ianuarie 1979 \u00een satul V\u0103leni, raionul Cahul. La v\u00e2rsta de 16 ani L-a primit pe Isus \u00een inim\u0103 ca Salvator personal. Dup\u0103 absolvirea \u0219colii \u00ee\u0219i face studiile la Universitatea Agrar\u0103 de Stat din Republica Moldova. \u00cen vara anului 1997 a \u00eencheiat leg\u0103m\u00e2nt cu Domnul \u00een biserica \u201eIsus Salvatorul\u201d din or. Chi\u0219in\u0103u. \u00cen timpul studiilor din universitare ia parte la diverse slujiri: \u00een cor \u0219i \u00een grupul de laud\u0103, merge cu grupurile misionare prin \u021bar\u0103, evanghelizeaz\u0103 prin spitale.<\/p>\n<p style=\"text-align: justify;\">Dup\u0103 finisarea studiilor universitare (\u00een anul 2001) prin recomandarea bisericii locale \u0219i a conducerii Uniunii BCEB din Moldova studiaz\u0103 la seminarul din Bucure\u0219ti la Facultatea de Teologie Pastoral\u0103. \u00cen anul 2005 se \u00eentoarce \u00een patrie \u0219i se al\u0103tur\u0103 lucr\u0103rii cu tinerii.<\/p>\n<p style=\"text-align: justify;\">\u00cen anul 2006 este ales ca lider pe lucrarea de tineret din regiunea Chi\u0219in\u0103u. \u00cen prim\u0103vara anului 2008 este ordinat la slujirea de diacon \u00een biserica \u201eIsus Salvatorul\u201d. \u00cen septembrie 2013 preia lucrarea de tineret la nivel na\u021bional \u00een cadrul Uniunii BCEB.<\/p>\n<p style=\"text-align: justify;\">Domnul l-a binecuv\u00e2ntat cu o familie minunat\u0103. Cu so\u021bia Elena cresc un b\u0103iat \u0219i o feti\u021b\u0103.<\/p>\n<p style=\"text-align: justify;\"><strong>Vitalie Zincovici \u2013 lider de tineret pe regiunea Transnistrian\u0103<\/strong><\/p>\n<p style=\"text-align: justify;\">S-a n\u0103scut la 26 mai 1976 \u00eentr-o familie de militari \u00een Republica Belarus, or. Cobrin. \u00cen anul 1986 imigreaz\u0103 \u00een Republica Moldova. Aici absolve\u0219te \u0219coala medie \u00een anul 1991, dup\u0103 care, \u00eentre anii 1991-1994 \u00eenva\u021b\u0103 la \u0219coala profesional\u0103 nr. 20 din or. Tiraspol ca finisor de specialitate.<\/p>\n<p style=\"text-align: justify;\">\u00cen clasa a 6-a a \u00eencepe s\u0103 studieze muzica. \u00cen anul 1993 pentru prima dat\u0103 aude despre Domnul, iar \u00een 1994 se poc\u0103ie\u0219te \u0219i \u00eencheie leg\u0103m\u00e2nt \u00een apa botezului.<\/p>\n<p style=\"text-align: justify;\">Din primele zile fiind deja \u00een biseric\u0103 a participat activ la toate activit\u0103\u021bile \u0219i evenimentele. \u00a0A slujit \u00een lucrarea cu tinerii, a c\u00e2ntat \u0219i acompaniat \u00een grupul de laud\u0103. Este autor a mai multor c\u00e2nt\u0103ri cre\u0219tine.<\/p>\n<p style=\"text-align: justify;\">\u00cen anul 1999 a organizat primul congres muzical \u00een RMN Tiraspol. Din anul 2008 sluje\u0219te \u00een organizarea conferin\u021belor de tineret \u0219i a taberelor de var\u0103 pentru tineri.<\/p>\n<p style=\"text-align: justify;\">\u00cen anul 2001 se c\u0103s\u0103tore\u0219te cu sora Olesea. \u00cen prezent Domnul i-a binecuv\u00e2ntat cu 2 b\u0103ie\u021bei.<\/p>\n<p style=\"text-align: justify;\"><strong>Vladislav Lecari \u2013 lider de tineret pe regiunea de Nord<\/strong><\/p>\n<p style=\"text-align: justify;\">S-a n\u0103scut la 18 aprilie 1977 \u00een satul Larga, raionul Briceni. Dup\u0103 graduarea \u0219colii din localitate a fost \u00eenmatriculat la Colegiul Pedagogic \u201eG. Asachi\u201d din Lipcani. \u00cen anul 1997 s-a poc\u0103it \u0219i \u00een acela\u0219i an \u00een biserica \u201eBetel\u201d din satul Larga a \u00eencheiat leg\u0103m\u00e2nt cu Domnul prin apa sf\u00e2ntului botez. Dup\u0103 botez a \u00eenceput s\u0103 predice \u00een biserica local\u0103.<\/p>\n<p style=\"text-align: justify;\">\u00cencep\u00e2nd cu anul 1999 la insisten\u021ba bisericii studiaz\u0103 la Chi\u0219in\u0103u \u00een Insitutul Teologic BEE International. \u00cen perioada 2000-2005 a slujit ca misionar \u00een satul Cuhne\u0219ti, raionul Glodeni.<\/p>\n<p style=\"text-align: justify;\">\u00cen octombrie 2005 s-a \u00eentors \u00een localitatea natal\u0103. Dup\u0103 un timp prin invita\u021bia conducerii Uniunii Bisericilor \u0219i cu binecuv\u00e2ntarea bisericii locale a \u00eenceput slujirea \u00een localitatea vecin\u0103 Coteala, raionul Briceni, unde la 12 noiembrie 2006 a fost ordinat ca diacon misionar. Ulterior, la 27 octombrie 2013 fra\u021bii l-au binecuv\u00e2ntat la slujirea de pastor \u00een acest sat.<\/p>\n<p style=\"text-align: justify;\">Pe 7 iunie 1997 se c\u0103s\u0103tore\u0219te cu sora Diana. Cel Atotputernic i-a binecuv\u00e2ntat cu 5 copii \u2013 o fiic\u0103 \u0219i 4 fii.<\/p>\n<p style=\"text-align: justify;\"><strong>Alexandru Masalchii \u2013 lider de tineret pe regiunea Bugeac<\/strong><\/p>\n<p style=\"text-align: justify;\">S-a n\u0103scut la 1 septembrie 1981, \u00een or. Basarabeasca, Republica Moldova. \u00cen anul 1996 a graduat \u0219coala medie, dup\u0103 care a fost \u00eenmatriculat la Colegiul Feroviar din B\u0103l\u021bi. La 11 martie 2006 s-a poc\u0103it \u0219i \u00een acela\u0219i an \u00eencheie leg\u0103m\u00e2nt \u00een apa botezului.<\/p>\n<p style=\"text-align: justify;\">Fra\u021bii mai mari nu i-au permis mult timp s\u0103 stea pur \u0219i simplu pe scaunul din biseric\u0103, \u0219i \u00eempreun\u0103 cu fratele Topal Ghenadie au \u00eenceput s\u0103 frecventeze bisericile din localit\u0103\u021bile vecine, unde propov\u0103duiau Cuv\u00e2ntul Domnului.<\/p>\n<p style=\"text-align: justify;\">\u00cen anul 2008, prin recomandarea pastorului bisericii \u00eencepe s\u0103-\u0219i fac\u0103 studiile la Colegiul Teologic-Pedagogic din or. Chi\u0219in\u0103u, la cursul \u201e\u0218coala f\u0103r\u0103 ziduri\u201d p\u00e2n\u0103 \u00een anul 2009. Din acela\u0219i an fra\u021bii i-au \u00eencredin\u021bat slujirea ca lider de tineret \u00een biserica \u201eGolgota\u201d or. Basarabeasca.<\/p>\n<p style=\"text-align: justify;\">La 26 iunie 2011 biserica l-a binecuv\u00e2ntat la slujirea de diacon. La etapa actual\u0103 finiseaz\u0103 studiile la Institutul Biblic din B\u0103l\u021bi, facultatea Teologie pastoral\u0103.<\/p>\n<p style=\"text-align: justify;\">Domnul l-a binecuv\u00e2ntat cu o so\u021bie minunat\u0103 \u0219i trei copii, care \u00eei sunt un adev\u0103rat sprijin \u00een lucrarea pe care o face spre slava Domnului.<\/p>\n<p style=\"text-align: justify;\"><strong>Erhan Alexei, liderul de tineret pe Comunitatea Chi\u015fin\u0103u<\/strong><\/p>\n<p style=\"text-align: justify;\">N\u0103scut la data de 27 noiembrie 1988 \u00een or.Chi\u015fin\u0103u. Din copil\u0103rie a frecventat bisetica &#8220;Betel&#8221; din or. Chi\u015fin\u0103u.\u00a0 \u00cen martie 2003 \u00cel prime\u015fte pe Dumnezeu \u00een inima lui \u015fi la data de 2 iulie 2006 \u00eencheie un leg\u0103m\u00e2nt cu Domnul prin apa botezului. \u00a0\u00cen 2004 cu prietenii s\u0103i din biseric\u0103 a organizat un grup de tineret &#8220;Speran\u0163a&#8221;. Cu 2 ani mai t\u00e2rziu \u00een 2006 a devenit liderul grupului\u00a0 prin care a \u015fi \u00eenceput lucrarea cu tinerii \u00een biseric\u0103. De asemenea \u00een 2006 a \u00eenceput slujirea de predicator la \u00eent\u00e2lnirile de tineret \u015fi mai t\u00e2rziu \u015fi \u00een biseric\u0103.<\/p>\n<p style=\"text-align: justify;\">\u00cen \u00a02007 s-a \u00eenscris la un program pentru tineri cu perioada de 2 ani, &#8220;\u015ecoala f\u0103r\u0103 pere\u0163i&#8221;. Finis\u00e2nd aceast program, cu permisiunea sfatului fr\u0103\u0163esc \u00een 2010 a \u00eenceput s\u0103 studieze la Seminarul Teologic din Odesa unde p\u00e2n\u0103 \u00een prezent \u015fi \u00eenva\u0163\u0103.<\/p>\n<p style=\"text-align: justify;\">\u00cen ianuarie 2012 a fost ales ca lider de tineret \u00een Biserica &#8220;Betel&#8221;\u00a0 \u00een care\u00a0 \u00eempreun\u0103 cu tinerii slujesc \u015fi sl\u0103vesc pe Dumnezeu. \u00cen septembrie 2013 fiind ales ca lider de tineret pe comunitatea de Chi\u015fin\u0103u.<\/p>\n<p style=\"text-align: justify;\">Pe 20 septembrie 2009 a \u00eencheiat leg\u0103m\u00e2ntul c\u0103s\u0103torie cu sora Maria.<\/p>\n","protected":false},"excerpt":{"rendered":"<p>Vitalie Carabet\u2013 coordonatorul Departamentului Tineret din cadrul Uniunii BCEB S-a n\u0103scut la 26 ianuarie 1979 \u00een satul V\u0103leni, raionul Cahul. La v\u00e2rsta de 16 ani L-a primit pe Isus \u00een inim\u0103 ca Salvator personal.&#46;&#46;&#46;<\/p>\n","protected":false},"author":2,"featured_media":0,"parent":0,"menu_order":0,"comment_status":"closed","ping_status":"closed","template":"","meta":{"footnotes":""},"class_list":["post-2923","page","type-page","status-publish","hentry"],"_links":{"self":[{"href":"https:\/\/baptist.org.md\/ro\/index.php?rest_route=\/wp\/v2\/pages\/2923","targetHints":{"allow":["GET"]}}],"collection":[{"href":"https:\/\/baptist.org.md\/ro\/index.php?rest_route=\/wp\/v2\/pages"}],"about":[{"href":"https:\/\/baptist.org.md\/ro\/index.php?rest_route=\/wp\/v2\/types\/page"}],"author":[{"embeddable":true,"href":"https:\/\/baptist.org.md\/ro\/index.php?rest_route=\/wp\/v2\/users\/2"}],"replies":[{"embeddable":true,"href":"https:\/\/baptist.org.md\/ro\/index.php?rest_route=%2Fwp%2Fv2%2Fcomments&post=2923"}],"version-history":[{"count":1,"href":"https:\/\/baptist.org.md\/ro\/index.php?rest_route=\/wp\/v2\/pages\/2923\/revisions"}],"predecessor-version":[{"id":12979,"href":"https:\/\/baptist.org.md\/ro\/index.php?rest_route=\/wp\/v2\/pages\/2923\/revisions\/12979"}],"wp:attachment":[{"href":"https:\/\/baptist.org.md\/ro\/index.php?rest_route=%2Fwp%2Fv2%2Fmedia&parent=2923"}],"curies":[{"name":"wp","href":"https:\/\/api.w.org\/{rel}","templated":true}]}}